{"id":1319,"date":"2021-11-21T15:14:19","date_gmt":"2021-11-21T15:14:19","guid":{"rendered":"https:\/\/laclaracampestre.com\/?page_id=1319"},"modified":"2024-04-02T02:37:31","modified_gmt":"2024-04-02T02:37:31","slug":"about","status":"publish","type":"page","link":"https:\/\/laclaracampestre.com\/?page_id=1319","title":{"rendered":"Nosotros"},"content":{"rendered":"\t\t<div data-elementor-type=\"wp-page\" data-elementor-id=\"1319\" class=\"elementor elementor-1319\">\n\t\t\t\t\t\t<section class=\"elementor-section elementor-top-section elementor-element elementor-element-613a737 elementor-section-height-full elementor-section-boxed elementor-section-height-default elementor-section-items-middle\" data-id=\"613a737\" data-element_type=\"section\" data-settings=\"{&quot;background_background&quot;:&quot;slideshow&quot;,&quot;background_slideshow_gallery&quot;:[{&quot;id&quot;:1426,&quot;url&quot;:&quot;http:\\\/\\\/laclaracampestre.com\\\/wp-content\\\/uploads\\\/2024\\\/03\\\/IMG_20230501_080433267-scaled.jpg&quot;},{&quot;id&quot;:1417,&quot;url&quot;:&quot;http:\\\/\\\/laclaracampestre.com\\\/wp-content\\\/uploads\\\/2024\\\/03\\\/IMG_20221010_132915140_HDR-scaled.jpg&quot;},{&quot;id&quot;:1414,&quot;url&quot;:&quot;http:\\\/\\\/laclaracampestre.com\\\/wp-content\\\/uploads\\\/2024\\\/03\\\/IMG_20221209_122608_694.jpg&quot;},{&quot;id&quot;:1406,&quot;url&quot;:&quot;http:\\\/\\\/laclaracampestre.com\\\/wp-content\\\/uploads\\\/2024\\\/03\\\/IMG_20221022_134227628-scaled.jpg&quot;},{&quot;id&quot;:1420,&quot;url&quot;:&quot;http:\\\/\\\/laclaracampestre.com\\\/wp-content\\\/uploads\\\/2024\\\/03\\\/IMG_20221022_162744811-scaled.jpg&quot;}],&quot;background_slideshow_loop&quot;:&quot;yes&quot;,&quot;background_slideshow_slide_duration&quot;:5000,&quot;background_slideshow_slide_transition&quot;:&quot;fade&quot;,&quot;background_slideshow_transition_duration&quot;:500}\">\n\t\t\t\t\t\t<div class=\"elementor-container elementor-column-gap-default\">\n\t\t\t\t\t<div class=\"elementor-column elementor-col-100 elementor-top-column elementor-element elementor-element-7d222b1\" data-id=\"7d222b1\" data-element_type=\"column\">\n\t\t\t<div class=\"elementor-widget-wrap\">\n\t\t\t\t\t\t\t<\/div>\n\t\t<\/div>\n\t\t\t\t\t<\/div>\n\t\t<\/section>\n\t\t\t\t<section class=\"elementor-section elementor-top-section elementor-element elementor-element-13d730b1 elementor-section-height-min-height elementor-section-boxed elementor-section-height-default elementor-section-items-middle\" data-id=\"13d730b1\" data-element_type=\"section\">\n\t\t\t\t\t\t<div class=\"elementor-container elementor-column-gap-default\">\n\t\t\t\t\t<div class=\"elementor-column elementor-col-100 elementor-top-column elementor-element elementor-element-2ec8a7d1\" data-id=\"2ec8a7d1\" data-element_type=\"column\">\n\t\t\t<div class=\"elementor-widget-wrap elementor-element-populated\">\n\t\t\t\t\t\t<div class=\"elementor-element elementor-element-66fd9139 elementor-widget elementor-widget-text-editor\" data-id=\"66fd9139\" data-element_type=\"widget\" data-widget_type=\"text-editor.default\">\n\t\t\t\t<div class=\"elementor-widget-container\">\n\t\t\t\t\t\t\t\t\t<p>\u00a0<\/p><h3 style=\"text-align: center;\"><b style=\"color: var(--ast-global-color-2); font-family: Forum, display; font-size: 2.1875rem; font-style: inherit; background-color: var(--ast-global-color-5);\">Nuestra Misi\u00f3n\u00a0<\/b><\/h3><h4 style=\"text-align: center;\">Queremos contribuir a la salud f\u00edsica, mental y espiritual de las personas, brindado experiencias de contacto con la naturaleza inolvidables, con responsabilidad y sostenibilidad.<\/h4><h4 style=\"text-align: center;\"><b>Nuestros Valores<\/b><\/h4><h4 style=\"text-align: center;\">Nos esforzamos por cuidar los recursos naturales, ser responsables con el medioambiente y brindar un servicio de calidad a nuestros visitantes.<\/h4><div>\u00a0<\/div><div>\u00a0<\/div><div style=\"text-align: center;\"><img fetchpriority=\"high\" decoding=\"async\" class=\"alignnone size-medium wp-image-1489\" src=\"http:\/\/laclaracampestre.com\/wp-content\/uploads\/2024\/03\/IMG_20230121_165708518_HDR-225x300.jpg\" alt=\"\" width=\"225\" height=\"300\" srcset=\"https:\/\/laclaracampestre.com\/wp-content\/uploads\/2024\/03\/IMG_20230121_165708518_HDR-225x300.jpg 225w, https:\/\/laclaracampestre.com\/wp-content\/uploads\/2024\/03\/IMG_20230121_165708518_HDR-768x1024.jpg 768w, https:\/\/laclaracampestre.com\/wp-content\/uploads\/2024\/03\/IMG_20230121_165708518_HDR-1152x1536.jpg 1152w, https:\/\/laclaracampestre.com\/wp-content\/uploads\/2024\/03\/IMG_20230121_165708518_HDR-1536x2048.jpg 1536w, https:\/\/laclaracampestre.com\/wp-content\/uploads\/2024\/03\/IMG_20230121_165708518_HDR-scaled.jpg 1920w\" sizes=\"(max-width: 225px) 100vw, 225px\" \/><img decoding=\"async\" class=\"alignnone size-medium wp-image-1493\" src=\"http:\/\/laclaracampestre.com\/wp-content\/uploads\/2024\/03\/IMG_20230128_155010967-225x300.jpg\" alt=\"\" width=\"225\" height=\"300\" srcset=\"https:\/\/laclaracampestre.com\/wp-content\/uploads\/2024\/03\/IMG_20230128_155010967-225x300.jpg 225w, https:\/\/laclaracampestre.com\/wp-content\/uploads\/2024\/03\/IMG_20230128_155010967-768x1024.jpg 768w, https:\/\/laclaracampestre.com\/wp-content\/uploads\/2024\/03\/IMG_20230128_155010967-1152x1536.jpg 1152w, https:\/\/laclaracampestre.com\/wp-content\/uploads\/2024\/03\/IMG_20230128_155010967-1536x2048.jpg 1536w, https:\/\/laclaracampestre.com\/wp-content\/uploads\/2024\/03\/IMG_20230128_155010967-scaled.jpg 1920w\" sizes=\"(max-width: 225px) 100vw, 225px\" \/> <img decoding=\"async\" class=\"alignnone size-medium wp-image-1494\" src=\"http:\/\/laclaracampestre.com\/wp-content\/uploads\/2024\/03\/IMG_20230128_155043866_HDR-225x300.jpg\" alt=\"\" width=\"225\" height=\"300\" srcset=\"https:\/\/laclaracampestre.com\/wp-content\/uploads\/2024\/03\/IMG_20230128_155043866_HDR-225x300.jpg 225w, https:\/\/laclaracampestre.com\/wp-content\/uploads\/2024\/03\/IMG_20230128_155043866_HDR-768x1024.jpg 768w, https:\/\/laclaracampestre.com\/wp-content\/uploads\/2024\/03\/IMG_20230128_155043866_HDR-1152x1536.jpg 1152w, https:\/\/laclaracampestre.com\/wp-content\/uploads\/2024\/03\/IMG_20230128_155043866_HDR-1536x2048.jpg 1536w, https:\/\/laclaracampestre.com\/wp-content\/uploads\/2024\/03\/IMG_20230128_155043866_HDR-scaled.jpg 1920w\" sizes=\"(max-width: 225px) 100vw, 225px\" \/> <img loading=\"lazy\" decoding=\"async\" class=\"alignnone size-medium wp-image-1495\" src=\"http:\/\/laclaracampestre.com\/wp-content\/uploads\/2024\/03\/IMG_20230128_155322459_HDR-1-225x300.jpg\" alt=\"\" width=\"225\" height=\"300\" srcset=\"https:\/\/laclaracampestre.com\/wp-content\/uploads\/2024\/03\/IMG_20230128_155322459_HDR-1-225x300.jpg 225w, https:\/\/laclaracampestre.com\/wp-content\/uploads\/2024\/03\/IMG_20230128_155322459_HDR-1-768x1024.jpg 768w, https:\/\/laclaracampestre.com\/wp-content\/uploads\/2024\/03\/IMG_20230128_155322459_HDR-1-1152x1536.jpg 1152w, https:\/\/laclaracampestre.com\/wp-content\/uploads\/2024\/03\/IMG_20230128_155322459_HDR-1-1536x2048.jpg 1536w, https:\/\/laclaracampestre.com\/wp-content\/uploads\/2024\/03\/IMG_20230128_155322459_HDR-1-scaled.jpg 1920w\" sizes=\"(max-width: 225px) 100vw, 225px\" \/> <img loading=\"lazy\" decoding=\"async\" class=\"alignnone size-medium wp-image-1496\" src=\"http:\/\/laclaracampestre.com\/wp-content\/uploads\/2024\/03\/IMG_20230128_161626350-225x300.jpg\" alt=\"\" width=\"225\" height=\"300\" srcset=\"https:\/\/laclaracampestre.com\/wp-content\/uploads\/2024\/03\/IMG_20230128_161626350-225x300.jpg 225w, https:\/\/laclaracampestre.com\/wp-content\/uploads\/2024\/03\/IMG_20230128_161626350-768x1024.jpg 768w, https:\/\/laclaracampestre.com\/wp-content\/uploads\/2024\/03\/IMG_20230128_161626350-1152x1536.jpg 1152w, https:\/\/laclaracampestre.com\/wp-content\/uploads\/2024\/03\/IMG_20230128_161626350-1536x2048.jpg 1536w, https:\/\/laclaracampestre.com\/wp-content\/uploads\/2024\/03\/IMG_20230128_161626350-scaled.jpg 1920w\" sizes=\"(max-width: 225px) 100vw, 225px\" \/> <img loading=\"lazy\" decoding=\"async\" class=\"alignnone size-medium wp-image-1497\" src=\"http:\/\/laclaracampestre.com\/wp-content\/uploads\/2024\/03\/20190721_160813-COLLAGE-169x300.jpg\" alt=\"\" width=\"169\" height=\"300\" srcset=\"https:\/\/laclaracampestre.com\/wp-content\/uploads\/2024\/03\/20190721_160813-COLLAGE-169x300.jpg 169w, https:\/\/laclaracampestre.com\/wp-content\/uploads\/2024\/03\/20190721_160813-COLLAGE-576x1024.jpg 576w, https:\/\/laclaracampestre.com\/wp-content\/uploads\/2024\/03\/20190721_160813-COLLAGE-768x1365.jpg 768w, https:\/\/laclaracampestre.com\/wp-content\/uploads\/2024\/03\/20190721_160813-COLLAGE-864x1536.jpg 864w, https:\/\/laclaracampestre.com\/wp-content\/uploads\/2024\/03\/20190721_160813-COLLAGE-1152x2048.jpg 1152w, https:\/\/laclaracampestre.com\/wp-content\/uploads\/2024\/03\/20190721_160813-COLLAGE-scaled.jpg 1440w\" sizes=\"(max-width: 169px) 100vw, 169px\" \/> <img loading=\"lazy\" decoding=\"async\" class=\"alignnone size-medium wp-image-1498\" src=\"http:\/\/laclaracampestre.com\/wp-content\/uploads\/2024\/03\/IMG_20230129_133130764-225x300.jpg\" alt=\"\" width=\"225\" height=\"300\" srcset=\"https:\/\/laclaracampestre.com\/wp-content\/uploads\/2024\/03\/IMG_20230129_133130764-225x300.jpg 225w, https:\/\/laclaracampestre.com\/wp-content\/uploads\/2024\/03\/IMG_20230129_133130764-768x1024.jpg 768w, https:\/\/laclaracampestre.com\/wp-content\/uploads\/2024\/03\/IMG_20230129_133130764-1152x1536.jpg 1152w, https:\/\/laclaracampestre.com\/wp-content\/uploads\/2024\/03\/IMG_20230129_133130764-1536x2048.jpg 1536w, https:\/\/laclaracampestre.com\/wp-content\/uploads\/2024\/03\/IMG_20230129_133130764-scaled.jpg 1920w\" sizes=\"(max-width: 225px) 100vw, 225px\" \/><\/div><p><span style=\"background-color: var(--ast-global-color-5); color: var(--ast-global-color-3); font-size: 1rem;\">\u00a0<\/span><\/p><h4 style=\"text-align: center;\">\u201cLa naturaleza brinda muchos beneficios para nuestra vida, aporta a la salud f\u00edsica, la salud mental y la espiritualidad. Una exposici\u00f3n adecuada a la vitamina D que la obtenemos del sol, favorece la salud \u00f3sea y ayuda a minimizar los problemas relacionados con la diabetes y las enfermedades card\u00edacas. El contacto con la tierra y los arboles ha demostrado que reduce los niveles de ansiedad y estr\u00e9s en adultos, ni\u00f1os y mascotas.\u201d<\/h4><h5>La Clara Campestre<\/h5><p><style>\/*! elementor - v3.19.0 - 07-02-2024 *\/<br \/>.elementor-widget-image{text-align:center}.elementor-widget-image a{display:inline-block}.elementor-widget-image a img[src$=\".svg\"]{width:48px}.elementor-widget-image img{vertical-align:middle;display:inline-block}<\/style><\/p>\t\t\t\t\t\t\t\t<\/div>\n\t\t\t\t<\/div>\n\t\t\t\t\t<\/div>\n\t\t<\/div>\n\t\t\t\t\t<\/div>\n\t\t<\/section>\n\t\t\t\t<section class=\"elementor-section elementor-top-section elementor-element elementor-element-494806d elementor-section-boxed elementor-section-height-default elementor-section-height-default\" data-id=\"494806d\" data-element_type=\"section\">\n\t\t\t\t\t\t<div class=\"elementor-container elementor-column-gap-default\">\n\t\t\t\t\t<div class=\"elementor-column elementor-col-25 elementor-top-column elementor-element elementor-element-5c5b35a\" data-id=\"5c5b35a\" data-element_type=\"column\" data-settings=\"{&quot;background_background&quot;:&quot;slideshow&quot;,&quot;background_slideshow_gallery&quot;:[{&quot;id&quot;:1467,&quot;url&quot;:&quot;http:\\\/\\\/laclaracampestre.com\\\/wp-content\\\/uploads\\\/2024\\\/03\\\/IMG_20230304_113517762_MF_PORTRAIT-scaled.jpg&quot;},{&quot;id&quot;:1423,&quot;url&quot;:&quot;http:\\\/\\\/laclaracampestre.com\\\/wp-content\\\/uploads\\\/2024\\\/03\\\/IMG_20230303_143423410-scaled.jpg&quot;}],&quot;background_slideshow_loop&quot;:&quot;yes&quot;,&quot;background_slideshow_slide_duration&quot;:5000,&quot;background_slideshow_slide_transition&quot;:&quot;fade&quot;,&quot;background_slideshow_transition_duration&quot;:500}\">\n\t\t\t<div class=\"elementor-widget-wrap elementor-element-populated\">\n\t\t\t\t\t\t<div class=\"elementor-element elementor-element-d314fa9 elementor-widget elementor-widget-image\" data-id=\"d314fa9\" data-element_type=\"widget\" data-widget_type=\"image.default\">\n\t\t\t\t<div class=\"elementor-widget-container\">\n\t\t\t\t\t\t\t\t\t\t\t\t\t\t\t<img loading=\"lazy\" decoding=\"async\" width=\"2560\" height=\"1152\" src=\"https:\/\/laclaracampestre.com\/wp-content\/uploads\/2024\/03\/IMG_20230303_142805266-scaled.jpg\" class=\"attachment-full size-full wp-image-1424\" alt=\"\" srcset=\"https:\/\/laclaracampestre.com\/wp-content\/uploads\/2024\/03\/IMG_20230303_142805266-scaled.jpg 2560w, https:\/\/laclaracampestre.com\/wp-content\/uploads\/2024\/03\/IMG_20230303_142805266-300x135.jpg 300w, https:\/\/laclaracampestre.com\/wp-content\/uploads\/2024\/03\/IMG_20230303_142805266-1024x461.jpg 1024w, https:\/\/laclaracampestre.com\/wp-content\/uploads\/2024\/03\/IMG_20230303_142805266-768x346.jpg 768w, https:\/\/laclaracampestre.com\/wp-content\/uploads\/2024\/03\/IMG_20230303_142805266-1536x691.jpg 1536w, https:\/\/laclaracampestre.com\/wp-content\/uploads\/2024\/03\/IMG_20230303_142805266-2048x922.jpg 2048w\" sizes=\"(max-width: 2560px) 100vw, 2560px\" \/>\t\t\t\t\t\t\t\t\t\t\t\t\t\t\t<\/div>\n\t\t\t\t<\/div>\n\t\t\t\t\t<\/div>\n\t\t<\/div>\n\t\t\t\t<div class=\"elementor-column elementor-col-25 elementor-top-column elementor-element elementor-element-463af45\" data-id=\"463af45\" data-element_type=\"column\" data-settings=\"{&quot;background_background&quot;:&quot;slideshow&quot;,&quot;background_slideshow_gallery&quot;:[{&quot;id&quot;:1472,&quot;url&quot;:&quot;http:\\\/\\\/laclaracampestre.com\\\/wp-content\\\/uploads\\\/2024\\\/03\\\/IMG_20221022_134730731-scaled.jpg&quot;},{&quot;id&quot;:1468,&quot;url&quot;:&quot;http:\\\/\\\/laclaracampestre.com\\\/wp-content\\\/uploads\\\/2024\\\/03\\\/IMG_20230128_155127771-scaled.jpg&quot;}],&quot;background_slideshow_loop&quot;:&quot;yes&quot;,&quot;background_slideshow_slide_duration&quot;:5000,&quot;background_slideshow_slide_transition&quot;:&quot;fade&quot;,&quot;background_slideshow_transition_duration&quot;:500}\">\n\t\t\t<div class=\"elementor-widget-wrap\">\n\t\t\t\t\t\t\t<\/div>\n\t\t<\/div>\n\t\t\t\t<div class=\"elementor-column elementor-col-25 elementor-top-column elementor-element elementor-element-fb99167\" data-id=\"fb99167\" data-element_type=\"column\" data-settings=\"{&quot;background_background&quot;:&quot;slideshow&quot;,&quot;background_slideshow_gallery&quot;:[{&quot;id&quot;:1437,&quot;url&quot;:&quot;http:\\\/\\\/laclaracampestre.com\\\/wp-content\\\/uploads\\\/2024\\\/03\\\/IMG_20221222_111334766-2-scaled.jpg&quot;},{&quot;id&quot;:1436,&quot;url&quot;:&quot;http:\\\/\\\/laclaracampestre.com\\\/wp-content\\\/uploads\\\/2024\\\/03\\\/IMG_20221222_112411977-1-scaled.jpg&quot;},{&quot;id&quot;:1435,&quot;url&quot;:&quot;http:\\\/\\\/laclaracampestre.com\\\/wp-content\\\/uploads\\\/2024\\\/03\\\/IMG_20221222_112356626-1-scaled.jpg&quot;},{&quot;id&quot;:1434,&quot;url&quot;:&quot;http:\\\/\\\/laclaracampestre.com\\\/wp-content\\\/uploads\\\/2024\\\/03\\\/IMG_20221222_111334766-1-2-scaled.jpg&quot;},{&quot;id&quot;:1432,&quot;url&quot;:&quot;http:\\\/\\\/laclaracampestre.com\\\/wp-content\\\/uploads\\\/2024\\\/03\\\/IMG_20230818_173659320-scaled.jpg&quot;}],&quot;background_slideshow_loop&quot;:&quot;yes&quot;,&quot;background_slideshow_slide_duration&quot;:5000,&quot;background_slideshow_slide_transition&quot;:&quot;fade&quot;,&quot;background_slideshow_transition_duration&quot;:500}\">\n\t\t\t<div class=\"elementor-widget-wrap\">\n\t\t\t\t\t\t\t<\/div>\n\t\t<\/div>\n\t\t\t\t<div class=\"elementor-column elementor-col-25 elementor-top-column elementor-element elementor-element-eb3e260\" data-id=\"eb3e260\" data-element_type=\"column\" data-settings=\"{&quot;background_background&quot;:&quot;slideshow&quot;,&quot;background_slideshow_gallery&quot;:[{&quot;id&quot;:1404,&quot;url&quot;:&quot;http:\\\/\\\/laclaracampestre.com\\\/wp-content\\\/uploads\\\/2024\\\/03\\\/IMG_20221022_162639425-scaled.jpg&quot;},{&quot;id&quot;:1403,&quot;url&quot;:&quot;http:\\\/\\\/laclaracampestre.com\\\/wp-content\\\/uploads\\\/2024\\\/03\\\/IMG_20221022_162708158-scaled.jpg&quot;},{&quot;id&quot;:1402,&quot;url&quot;:&quot;http:\\\/\\\/laclaracampestre.com\\\/wp-content\\\/uploads\\\/2024\\\/03\\\/IMG_20221022_162610493-scaled.jpg&quot;},{&quot;id&quot;:1400,&quot;url&quot;:&quot;http:\\\/\\\/laclaracampestre.com\\\/wp-content\\\/uploads\\\/2024\\\/03\\\/IMG_20221022_162908445-scaled.jpg&quot;},{&quot;id&quot;:1399,&quot;url&quot;:&quot;http:\\\/\\\/laclaracampestre.com\\\/wp-content\\\/uploads\\\/2024\\\/03\\\/IMG_20221022_163110478-scaled.jpg&quot;}],&quot;background_slideshow_loop&quot;:&quot;yes&quot;,&quot;background_slideshow_slide_duration&quot;:5000,&quot;background_slideshow_slide_transition&quot;:&quot;fade&quot;,&quot;background_slideshow_transition_duration&quot;:500}\">\n\t\t\t<div class=\"elementor-widget-wrap\">\n\t\t\t\t\t\t\t<\/div>\n\t\t<\/div>\n\t\t\t\t\t<\/div>\n\t\t<\/section>\n\t\t\t\t<section class=\"elementor-section elementor-top-section elementor-element elementor-element-0a8104f elementor-section-full_width elementor-section-height-default elementor-section-height-default\" data-id=\"0a8104f\" data-element_type=\"section\">\n\t\t\t\t\t\t<div class=\"elementor-container elementor-column-gap-default\">\n\t\t\t\t\t<div class=\"elementor-column elementor-col-100 elementor-top-column elementor-element elementor-element-df49052\" data-id=\"df49052\" data-element_type=\"column\">\n\t\t\t<div class=\"elementor-widget-wrap elementor-element-populated\">\n\t\t\t\t\t\t<div class=\"elementor-element elementor-element-c5c4da4 elementor-widget elementor-widget-image\" data-id=\"c5c4da4\" data-element_type=\"widget\" data-widget_type=\"image.default\">\n\t\t\t\t<div class=\"elementor-widget-container\">\n\t\t\t\t\t\t\t\t\t\t\t\t\t\t\t<img loading=\"lazy\" decoding=\"async\" width=\"2560\" height=\"1920\" src=\"https:\/\/laclaracampestre.com\/wp-content\/uploads\/2024\/03\/IMG_20221010_133006560-scaled.jpg\" class=\"attachment-full size-full wp-image-1418\" alt=\"\" srcset=\"https:\/\/laclaracampestre.com\/wp-content\/uploads\/2024\/03\/IMG_20221010_133006560-scaled.jpg 2560w, https:\/\/laclaracampestre.com\/wp-content\/uploads\/2024\/03\/IMG_20221010_133006560-300x225.jpg 300w, https:\/\/laclaracampestre.com\/wp-content\/uploads\/2024\/03\/IMG_20221010_133006560-1024x768.jpg 1024w, https:\/\/laclaracampestre.com\/wp-content\/uploads\/2024\/03\/IMG_20221010_133006560-768x576.jpg 768w, https:\/\/laclaracampestre.com\/wp-content\/uploads\/2024\/03\/IMG_20221010_133006560-1536x1152.jpg 1536w, https:\/\/laclaracampestre.com\/wp-content\/uploads\/2024\/03\/IMG_20221010_133006560-2048x1536.jpg 2048w\" sizes=\"(max-width: 2560px) 100vw, 2560px\" \/>\t\t\t\t\t\t\t\t\t\t\t\t\t\t\t<\/div>\n\t\t\t\t<\/div>\n\t\t\t\t\t<\/div>\n\t\t<\/div>\n\t\t\t\t\t<\/div>\n\t\t<\/section>\n\t\t\t\t<\/div>\n\t\t","protected":false},"excerpt":{"rendered":"<p>\u00a0 Nuestra Misi\u00f3n\u00a0 Queremos contribuir a la salud f\u00edsica, mental y espiritual de las personas, brindado experiencias de contacto con la naturaleza inolvidables, con responsabilidad y sostenibilidad. Nuestros Valores Nos esforzamos por cuidar los recursos naturales, ser responsables con el medioambiente y brindar un servicio de calidad a nuestros visitantes. \u00a0\u00a0 \u00a0 \u201cLa naturaleza brinda [&hellip;]<\/p>\n","protected":false},"author":1,"featured_media":0,"parent":0,"menu_order":0,"comment_status":"closed","ping_status":"closed","template":"","meta":{"site-sidebar-layout":"no-sidebar","site-content-layout":"page-builder","ast-site-content-layout":"full-width-container","site-content-style":"unboxed","site-sidebar-style":"unboxed","ast-global-header-display":"","ast-banner-title-visibility":"","ast-main-header-display":"","ast-hfb-above-header-display":"","ast-hfb-below-header-display":"","ast-hfb-mobile-header-display":"","site-post-title":"","ast-breadcrumbs-content":"","ast-featured-img":"disabled","footer-sml-layout":"","theme-transparent-header-meta":"enabled","adv-header-id-meta":"","stick-header-meta":"","header-above-stick-meta":"","header-main-stick-meta":"","header-below-stick-meta":"","astra-migrate-meta-layouts":"set","ast-page-background-enabled":"default","ast-page-background-meta":{"desktop":{"background-color":"var(--ast-global-color-4)","background-image":"","background-repeat":"repeat","background-position":"center center","background-size":"auto","background-attachment":"scroll","background-type":"","background-media":"","overlay-type":"","overlay-color":"","overlay-gradient":""},"tablet":{"background-color":"","background-image":"","background-repeat":"repeat","background-position":"center center","background-size":"auto","background-attachment":"scroll","background-type":"","background-media":"","overlay-type":"","overlay-color":"","overlay-gradient":""},"mobile":{"background-color":"","background-image":"","background-repeat":"repeat","background-position":"center center","background-size":"auto","background-attachment":"scroll","background-type":"","background-media":"","overlay-type":"","overlay-color":"","overlay-gradient":""}},"ast-content-background-meta":{"desktop":{"background-color":"var(--ast-global-color-5)","background-image":"","background-repeat":"repeat","background-position":"center center","background-size":"auto","background-attachment":"scroll","background-type":"","background-media":"","overlay-type":"","overlay-color":"","overlay-gradient":""},"tablet":{"background-color":"var(--ast-global-color-5)","background-image":"","background-repeat":"repeat","background-position":"center center","background-size":"auto","background-attachment":"scroll","background-type":"","background-media":"","overlay-type":"","overlay-color":"","overlay-gradient":""},"mobile":{"background-color":"var(--ast-global-color-5)","background-image":"","background-repeat":"repeat","background-position":"center center","background-size":"auto","background-attachment":"scroll","background-type":"","background-media":"","overlay-type":"","overlay-color":"","overlay-gradient":""}},"footnotes":""},"class_list":["post-1319","page","type-page","status-publish","hentry"],"_links":{"self":[{"href":"https:\/\/laclaracampestre.com\/index.php?rest_route=\/wp\/v2\/pages\/1319","targetHints":{"allow":["GET"]}}],"collection":[{"href":"https:\/\/laclaracampestre.com\/index.php?rest_route=\/wp\/v2\/pages"}],"about":[{"href":"https:\/\/laclaracampestre.com\/index.php?rest_route=\/wp\/v2\/types\/page"}],"author":[{"embeddable":true,"href":"https:\/\/laclaracampestre.com\/index.php?rest_route=\/wp\/v2\/users\/1"}],"replies":[{"embeddable":true,"href":"https:\/\/laclaracampestre.com\/index.php?rest_route=%2Fwp%2Fv2%2Fcomments&post=1319"}],"version-history":[{"count":19,"href":"https:\/\/laclaracampestre.com\/index.php?rest_route=\/wp\/v2\/pages\/1319\/revisions"}],"predecessor-version":[{"id":1544,"href":"https:\/\/laclaracampestre.com\/index.php?rest_route=\/wp\/v2\/pages\/1319\/revisions\/1544"}],"wp:attachment":[{"href":"https:\/\/laclaracampestre.com\/index.php?rest_route=%2Fwp%2Fv2%2Fmedia&parent=1319"}],"curies":[{"name":"wp","href":"https:\/\/api.w.org\/{rel}","templated":true}]}}